{"id":6,"date":"2021-06-16T08:52:14","date_gmt":"2021-06-16T08:52:14","guid":{"rendered":"https:\/\/dossinformatique.fr\/?page_id=6"},"modified":"2021-07-19T12:52:17","modified_gmt":"2021-07-19T12:52:17","slug":"intervention-informatique-a-domicile","status":"publish","type":"page","link":"https:\/\/dossinformatique.fr\/","title":{"rendered":"Intervention informatique \u00e0 domicile"},"content":{"rendered":"","protected":false},"excerpt":{"rendered":"","protected":false},"author":4,"featured_media":0,"parent":0,"menu_order":0,"comment_status":"closed","ping_status":"closed","template":"templates\/template-homepage.php","meta":{"footnotes":""},"class_list":["post-6","page","type-page","status-publish","hentry"],"yoast_head":"<!-- This site is optimized with the Yoast SEO plugin v26.8 - https:\/\/yoast.com\/product\/yoast-seo-wordpress\/ -->\n<title>Intervention informatique \u00e0 domicile - Doss informatique<\/title>\n<meta name=\"description\" content=\"D\u00e9pannage informatique, r\u00e9paration mat\u00e9riel, d\u00e9sinfection et suppression de virus, formation \u00e0 l&#039;utilisation, intervention sur PC et Mac\" \/>\n<meta name=\"robots\" content=\"index, follow, max-snippet:-1, max-image-preview:large, max-video-preview:-1\" \/>\n<link rel=\"canonical\" href=\"https:\/\/dossinformatique.fr\/\" \/>\n<meta property=\"og:locale\" content=\"fr_FR\" \/>\n<meta property=\"og:type\" content=\"article\" \/>\n<meta property=\"og:title\" content=\"Intervention informatique \u00e0 domicile - Doss informatique\" \/>\n<meta property=\"og:description\" content=\"D\u00e9pannage informatique, r\u00e9paration mat\u00e9riel, d\u00e9sinfection et suppression de virus, formation \u00e0 l&#039;utilisation, intervention sur PC et Mac\" \/>\n<meta property=\"og:url\" content=\"https:\/\/dossinformatique.fr\/\" \/>\n<meta property=\"og:site_name\" content=\"Doss informatique\" \/>\n<meta property=\"article:publisher\" content=\"https:\/\/www.facebook.com\/dossinformatique\" \/>\n<meta property=\"article:modified_time\" content=\"2021-07-19T12:52:17+00:00\" \/>\n<meta name=\"twitter:card\" content=\"summary_large_image\" \/>\n<script type=\"application\/ld+json\" class=\"yoast-schema-graph\">{\"@context\":\"https:\/\/schema.org\",\"@graph\":[{\"@type\":\"WebPage\",\"@id\":\"https:\/\/dossinformatique.fr\/\",\"url\":\"https:\/\/dossinformatique.fr\/\",\"name\":\"Intervention informatique \u00e0 domicile - Doss informatique\",\"isPartOf\":{\"@id\":\"https:\/\/dossinformatique.fr\/#website\"},\"datePublished\":\"2021-06-16T08:52:14+00:00\",\"dateModified\":\"2021-07-19T12:52:17+00:00\",\"description\":\"D\u00e9pannage informatique, r\u00e9paration mat\u00e9riel, d\u00e9sinfection et suppression de virus, formation \u00e0 l'utilisation, intervention sur PC et Mac\",\"breadcrumb\":{\"@id\":\"https:\/\/dossinformatique.fr\/#breadcrumb\"},\"inLanguage\":\"fr-FR\",\"potentialAction\":[{\"@type\":\"ReadAction\",\"target\":[\"https:\/\/dossinformatique.fr\/\"]}]},{\"@type\":\"BreadcrumbList\",\"@id\":\"https:\/\/dossinformatique.fr\/#breadcrumb\",\"itemListElement\":[{\"@type\":\"ListItem\",\"position\":1,\"name\":\"Accueil\",\"item\":\"https:\/\/dossinformatique.fr\/\"},{\"@type\":\"ListItem\",\"position\":2,\"name\":\"Intervention informatique \u00e0 domicile\"}]},{\"@type\":\"WebSite\",\"@id\":\"https:\/\/dossinformatique.fr\/#website\",\"url\":\"https:\/\/dossinformatique.fr\/\",\"name\":\"Doss informatique\",\"description\":\"D\u00e9pannage informatique \u00e0 domicile\",\"publisher\":{\"@id\":\"https:\/\/dossinformatique.fr\/#organization\"},\"potentialAction\":[{\"@type\":\"SearchAction\",\"target\":{\"@type\":\"EntryPoint\",\"urlTemplate\":\"https:\/\/dossinformatique.fr\/?s={search_term_string}\"},\"query-input\":{\"@type\":\"PropertyValueSpecification\",\"valueRequired\":true,\"valueName\":\"search_term_string\"}}],\"inLanguage\":\"fr-FR\"},{\"@type\":\"Organization\",\"@id\":\"https:\/\/dossinformatique.fr\/#organization\",\"name\":\"Doss Informatique\",\"url\":\"https:\/\/dossinformatique.fr\/\",\"logo\":{\"@type\":\"ImageObject\",\"inLanguage\":\"fr-FR\",\"@id\":\"https:\/\/dossinformatique.fr\/#\/schema\/logo\/image\/\",\"url\":\"https:\/\/dossinformatique.fr\/wp-content\/uploads\/2021\/06\/cropped-cropped-cropped-file.png\",\"contentUrl\":\"https:\/\/dossinformatique.fr\/wp-content\/uploads\/2021\/06\/cropped-cropped-cropped-file.png\",\"width\":1048,\"height\":620,\"caption\":\"Doss Informatique\"},\"image\":{\"@id\":\"https:\/\/dossinformatique.fr\/#\/schema\/logo\/image\/\"},\"sameAs\":[\"https:\/\/www.facebook.com\/dossinformatique\"]}]}<\/script>\n<!-- \/ Yoast SEO plugin. -->","yoast_head_json":{"title":"Intervention informatique \u00e0 domicile - Doss informatique","description":"D\u00e9pannage informatique, r\u00e9paration mat\u00e9riel, d\u00e9sinfection et suppression de virus, formation \u00e0 l'utilisation, intervention sur PC et Mac","robots":{"index":"index","follow":"follow","max-snippet":"max-snippet:-1","max-image-preview":"max-image-preview:large","max-video-preview":"max-video-preview:-1"},"canonical":"https:\/\/dossinformatique.fr\/","og_locale":"fr_FR","og_type":"article","og_title":"Intervention informatique \u00e0 domicile - Doss informatique","og_description":"D\u00e9pannage informatique, r\u00e9paration mat\u00e9riel, d\u00e9sinfection et suppression de virus, formation \u00e0 l'utilisation, intervention sur PC et Mac","og_url":"https:\/\/dossinformatique.fr\/","og_site_name":"Doss informatique","article_publisher":"https:\/\/www.facebook.com\/dossinformatique","article_modified_time":"2021-07-19T12:52:17+00:00","twitter_card":"summary_large_image","schema":{"@context":"https:\/\/schema.org","@graph":[{"@type":"WebPage","@id":"https:\/\/dossinformatique.fr\/","url":"https:\/\/dossinformatique.fr\/","name":"Intervention informatique \u00e0 domicile - Doss informatique","isPartOf":{"@id":"https:\/\/dossinformatique.fr\/#website"},"datePublished":"2021-06-16T08:52:14+00:00","dateModified":"2021-07-19T12:52:17+00:00","description":"D\u00e9pannage informatique, r\u00e9paration mat\u00e9riel, d\u00e9sinfection et suppression de virus, formation \u00e0 l'utilisation, intervention sur PC et Mac","breadcrumb":{"@id":"https:\/\/dossinformatique.fr\/#breadcrumb"},"inLanguage":"fr-FR","potentialAction":[{"@type":"ReadAction","target":["https:\/\/dossinformatique.fr\/"]}]},{"@type":"BreadcrumbList","@id":"https:\/\/dossinformatique.fr\/#breadcrumb","itemListElement":[{"@type":"ListItem","position":1,"name":"Accueil","item":"https:\/\/dossinformatique.fr\/"},{"@type":"ListItem","position":2,"name":"Intervention informatique \u00e0 domicile"}]},{"@type":"WebSite","@id":"https:\/\/dossinformatique.fr\/#website","url":"https:\/\/dossinformatique.fr\/","name":"Doss informatique","description":"D\u00e9pannage informatique \u00e0 domicile","publisher":{"@id":"https:\/\/dossinformatique.fr\/#organization"},"potentialAction":[{"@type":"SearchAction","target":{"@type":"EntryPoint","urlTemplate":"https:\/\/dossinformatique.fr\/?s={search_term_string}"},"query-input":{"@type":"PropertyValueSpecification","valueRequired":true,"valueName":"search_term_string"}}],"inLanguage":"fr-FR"},{"@type":"Organization","@id":"https:\/\/dossinformatique.fr\/#organization","name":"Doss Informatique","url":"https:\/\/dossinformatique.fr\/","logo":{"@type":"ImageObject","inLanguage":"fr-FR","@id":"https:\/\/dossinformatique.fr\/#\/schema\/logo\/image\/","url":"https:\/\/dossinformatique.fr\/wp-content\/uploads\/2021\/06\/cropped-cropped-cropped-file.png","contentUrl":"https:\/\/dossinformatique.fr\/wp-content\/uploads\/2021\/06\/cropped-cropped-cropped-file.png","width":1048,"height":620,"caption":"Doss Informatique"},"image":{"@id":"https:\/\/dossinformatique.fr\/#\/schema\/logo\/image\/"},"sameAs":["https:\/\/www.facebook.com\/dossinformatique"]}]}},"_links":{"self":[{"href":"https:\/\/dossinformatique.fr\/index.php?rest_route=\/wp\/v2\/pages\/6","targetHints":{"allow":["GET"]}}],"collection":[{"href":"https:\/\/dossinformatique.fr\/index.php?rest_route=\/wp\/v2\/pages"}],"about":[{"href":"https:\/\/dossinformatique.fr\/index.php?rest_route=\/wp\/v2\/types\/page"}],"author":[{"embeddable":true,"href":"https:\/\/dossinformatique.fr\/index.php?rest_route=\/wp\/v2\/users\/4"}],"replies":[{"embeddable":true,"href":"https:\/\/dossinformatique.fr\/index.php?rest_route=%2Fwp%2Fv2%2Fcomments&post=6"}],"version-history":[{"count":2,"href":"https:\/\/dossinformatique.fr\/index.php?rest_route=\/wp\/v2\/pages\/6\/revisions"}],"predecessor-version":[{"id":142,"href":"https:\/\/dossinformatique.fr\/index.php?rest_route=\/wp\/v2\/pages\/6\/revisions\/142"}],"wp:attachment":[{"href":"https:\/\/dossinformatique.fr\/index.php?rest_route=%2Fwp%2Fv2%2Fmedia&parent=6"}],"curies":[{"name":"wp","href":"https:\/\/api.w.org\/{rel}","templated":true}]}}